{"id":110,"date":"2018-07-22T08:58:57","date_gmt":"2018-07-22T08:58:57","guid":{"rendered":"https:\/\/bei-sibo.de\/?page_id=110"},"modified":"2018-07-22T10:51:21","modified_gmt":"2018-07-22T10:51:21","slug":"anfahrt","status":"publish","type":"page","link":"https:\/\/bei-sibo.de\/?page_id=110","title":{"rendered":"Anfahrt"},"content":{"rendered":"<h1 style=\"text-align: center;\">Adresse<\/h1>\n<p style=\"text-align: center;\">Restaurant bei Sibo<br \/>\nBeecker Stra\u00dfe 29<br \/>\n41179 M\u00f6nchengladbach<\/p>\n<p style=\"text-align: center;\"><div id=\"wpgmza_map\" class=\"wpgmza_map\" data-settings='{\"id\":\"1\",\"map_title\":\"Anfahrt\",\"map_width\":\"100\",\"map_height\":\"400\",\"map_start_lat\":\"51.147572\",\"map_start_lng\":\"6.360498\",\"map_start_location\":\"51.147572,6.360498000000007\",\"map_start_zoom\":\"14\",\"default_marker\":\"0\",\"type\":\"1\",\"alignment\":\"1\",\"directions_enabled\":\"1\",\"styling_enabled\":\"0\",\"styling_json\":\"\",\"active\":\"0\",\"kml\":\"\",\"bicycle\":\"2\",\"traffic\":\"2\",\"dbox\":\"1\",\"dbox_width\":\"100\",\"listmarkers\":\"0\",\"listmarkers_advanced\":\"0\",\"filterbycat\":\"0\",\"ugm_enabled\":\"0\",\"ugm_category_enabled\":\"0\",\"fusion\":\"\",\"map_width_type\":\"\\\\%\",\"map_height_type\":\"px\",\"mass_marker_support\":\"1\",\"ugm_access\":\"0\",\"order_markers_by\":\"1\",\"order_markers_choice\":\"2\",\"show_user_location\":\"0\",\"default_to\":\"\",\"other_settings\":{\"store_locator_enabled\":2,\"store_locator_distance\":2,\"store_locator_default_radius\":\"10\",\"store_locator_not_found_message\":\"No results found in this location. Please try again.\",\"store_locator_bounce\":1,\"store_locator_query_string\":\"ZIP \\\/ Address:\",\"store_locator_default_address\":\"\",\"wpgmza_store_locator_restrict\":\"\",\"store_locator_style\":\"modern\",\"wpgmza_store_locator_radius_style\":\"modern\",\"map_max_zoom\":\"1\",\"transport_layer\":2,\"wpgmza_theme_data\":\"\",\"wpgmza_show_points_of_interest\":1}}' data-map-id='1' Data-maps-engine='open-layers' data-shortcode-attributes='{\"id\":\"1\"}' style=\"display:block; overflow:auto; width:100%; height:400px; float:left;\"><\/div><\/p>\n<h1><\/h1>\n<p>&nbsp;<\/p>\n<h1 style=\"text-align: center;\">\u00d6ffnungszeiten<\/h1>\n<p style=\"text-align: center;\"><div class=\"op-overview-shortcode\">\n<table class=\"op-table op-table-overview\">\n  \n    <tr class=\"op-row op-row-day \">\n    <th class=\"op-cell op-cell-heading\" scope=\"row\">Montag<\/th>\n    <td class=\"op-cell op-cell-periods\"><span class=\"op-period-time \">11:30 am - 10:00 pm<\/span><\/td>\n  <\/tr>\n    <tr class=\"op-row op-row-day \">\n    <th class=\"op-cell op-cell-heading\" scope=\"row\">Dienstag<\/th>\n    <td class=\"op-cell op-cell-periods\"><span class=\"op-period-time \">11:30 am - 10:00 pm<\/span><\/td>\n  <\/tr>\n    <tr class=\"op-row op-row-day \">\n    <th class=\"op-cell op-cell-heading\" scope=\"row\">Mittwoch<\/th>\n    <td class=\"op-cell op-cell-periods\"><span class=\"op-period-time \">11:30 am - 10:00 pm<\/span><\/td>\n  <\/tr>\n    <tr class=\"op-row op-row-day \">\n    <th class=\"op-cell op-cell-heading\" scope=\"row\">Freitag<\/th>\n    <td class=\"op-cell op-cell-periods\"><span class=\"op-period-time \">11:30 am - 10:00 pm<\/span><\/td>\n  <\/tr>\n    <tr class=\"op-row op-row-day \">\n    <th class=\"op-cell op-cell-heading\" scope=\"row\">Samstag<\/th>\n    <td class=\"op-cell op-cell-periods\"><span class=\"op-period-time \">11:30 am - 10:00 pm<\/span><\/td>\n  <\/tr>\n    <tr class=\"op-row op-row-day \">\n    <th class=\"op-cell op-cell-heading\" scope=\"row\">Sonntag<\/th>\n    <td class=\"op-cell op-cell-periods\"><span class=\"op-period-time \">11:30 am - 10:00 pm<\/span><\/td>\n  <\/tr>\n  <\/table>\n\n<\/div><\/p>\n<h1 style=\"text-align: center;\">Kontakt<\/h1>\n<p style=\"text-align: center;\"><a href=\"tel:02161580006\" target=\"_blank\" rel=\"noopener\">02161 580006<\/a><\/p>\n","protected":false},"excerpt":{"rendered":"<p>Adresse Restaurant bei Sibo Beecker Stra\u00dfe 29 41179 M\u00f6nchengladbach &nbsp; \u00d6ffnungszeiten Kontakt 02161 580006<\/p>\n","protected":false},"author":1,"featured_media":0,"parent":0,"menu_order":0,"comment_status":"closed","ping_status":"closed","template":"templates\/tpl-contact-page.php","meta":{"spay_email":"","footnotes":""},"class_list":["post-110","page","type-page","status-publish","hentry"],"jetpack_sharing_enabled":true,"jetpack_shortlink":"https:\/\/wp.me\/Pa6vZ9-1M","_links":{"self":[{"href":"https:\/\/bei-sibo.de\/index.php?rest_route=\/wp\/v2\/pages\/110","targetHints":{"allow":["GET"]}}],"collection":[{"href":"https:\/\/bei-sibo.de\/index.php?rest_route=\/wp\/v2\/pages"}],"about":[{"href":"https:\/\/bei-sibo.de\/index.php?rest_route=\/wp\/v2\/types\/page"}],"author":[{"embeddable":true,"href":"https:\/\/bei-sibo.de\/index.php?rest_route=\/wp\/v2\/users\/1"}],"replies":[{"embeddable":true,"href":"https:\/\/bei-sibo.de\/index.php?rest_route=%2Fwp%2Fv2%2Fcomments&post=110"}],"version-history":[{"count":11,"href":"https:\/\/bei-sibo.de\/index.php?rest_route=\/wp\/v2\/pages\/110\/revisions"}],"predecessor-version":[{"id":129,"href":"https:\/\/bei-sibo.de\/index.php?rest_route=\/wp\/v2\/pages\/110\/revisions\/129"}],"wp:attachment":[{"href":"https:\/\/bei-sibo.de\/index.php?rest_route=%2Fwp%2Fv2%2Fmedia&parent=110"}],"curies":[{"name":"wp","href":"https:\/\/api.w.org\/{rel}","templated":true}]}}