{"id":22,"date":"2018-07-21T09:59:52","date_gmt":"2018-07-21T09:59:52","guid":{"rendered":"https:\/\/bei-sibo.de\/?page_id=22"},"modified":"2018-07-21T10:29:44","modified_gmt":"2018-07-21T10:29:44","slug":"home","status":"publish","type":"page","link":"https:\/\/bei-sibo.de\/","title":{"rendered":"Liebe G\u00e4ste"},"content":{"rendered":"<p>&nbsp;<\/p>\n<p>wir begr\u00fc\u00dfen Sie recht herzlich im und w\u00fcnschen Ihnen in unserem Restaurant einen angenehmen Aufenthalt und ein paar frohe Stunden. Unser Bestreben ist es, ihre W\u00fcnsche zu Ihrer besten Zufriedenheit zu erf\u00fcllen.<\/p>\n<p>Was Keller und K\u00fcche zu bieten haben, entnehmen Sie bitte dem reichhaltigen Angebot der Speise- und Getr\u00e4nkekarte. Sie finden eine bunte Palette kulinarischer Gerichte und Spezialit\u00e4ten, eine wahre Gaumenfreude f\u00fcr den Genie\u00dfer. Dazu erlesene Getr\u00e4nke vom k\u00f6stlichen Wein bis zum w\u00fcrzigen Destillat.<\/p>\n<p>&nbsp;<\/p>\n<p>Herzlich Willkommen im<\/p>\n<p>&nbsp;<\/p>\n<h3><strong>Restaurant bei Sibo<\/strong><\/h3>\n","protected":false},"excerpt":{"rendered":"<p>&nbsp; wir begr\u00fc\u00dfen Sie recht herzlich im und w\u00fcnschen Ihnen in unserem Restaurant einen angenehmen Aufenthalt und ein paar frohe<a href=\"https:\/\/bei-sibo.de\/\" class=\"read-more-link\"> Read More &raquo;<\/a><\/p>\n","protected":false},"author":1,"featured_media":0,"parent":0,"menu_order":0,"comment_status":"closed","ping_status":"closed","template":"","meta":{"spay_email":"","footnotes":""},"class_list":["post-22","page","type-page","status-publish","hentry"],"jetpack_sharing_enabled":true,"jetpack_shortlink":"https:\/\/wp.me\/Pa6vZ9-m","_links":{"self":[{"href":"https:\/\/bei-sibo.de\/index.php?rest_route=\/wp\/v2\/pages\/22","targetHints":{"allow":["GET"]}}],"collection":[{"href":"https:\/\/bei-sibo.de\/index.php?rest_route=\/wp\/v2\/pages"}],"about":[{"href":"https:\/\/bei-sibo.de\/index.php?rest_route=\/wp\/v2\/types\/page"}],"author":[{"embeddable":true,"href":"https:\/\/bei-sibo.de\/index.php?rest_route=\/wp\/v2\/users\/1"}],"replies":[{"embeddable":true,"href":"https:\/\/bei-sibo.de\/index.php?rest_route=%2Fwp%2Fv2%2Fcomments&post=22"}],"version-history":[{"count":8,"href":"https:\/\/bei-sibo.de\/index.php?rest_route=\/wp\/v2\/pages\/22\/revisions"}],"predecessor-version":[{"id":35,"href":"https:\/\/bei-sibo.de\/index.php?rest_route=\/wp\/v2\/pages\/22\/revisions\/35"}],"wp:attachment":[{"href":"https:\/\/bei-sibo.de\/index.php?rest_route=%2Fwp%2Fv2%2Fmedia&parent=22"}],"curies":[{"name":"wp","href":"https:\/\/api.w.org\/{rel}","templated":true}]}}